{"id":95,"date":"2023-10-08T16:46:19","date_gmt":"2023-10-08T15:46:19","guid":{"rendered":"https:\/\/rifali-inrs.net\/?page_id=95"},"modified":"2025-06-18T23:03:39","modified_gmt":"2025-06-18T22:03:39","slug":"notre-recherche","status":"publish","type":"page","link":"https:\/\/rifali-inrs.net\/index.php\/notre-recherche\/","title":{"rendered":"Notre recherche"},"content":{"rendered":"\n<h2 class=\"wp-block-heading\" id=\"biomed\">Biom\u00e9dical<\/h2>\n\n\n\n<p>La biom\u00e9dicine est une discipline scientifique qui se consacre \u00e0 l&#8217;\u00e9tude des processus biologiques et des m\u00e9canismes pathologiques qui sous-tendent les maladies humaines. Elle englobe un large \u00e9ventail de domaines, notamment la biologie cellulaire, la g\u00e9n\u00e9tique, la physiologie, la pharmacologie et la m\u00e9decine clinique, et vise \u00e0 comprendre comment le corps humain fonctionne normalement ainsi que les causes sous-jacentes des maladies.&nbsp;<\/p>\n\n\n\n<p>La recherche biom\u00e9dicale se base sur des m\u00e9thodes scientifiques rigoureuses pour d\u00e9couvrir de nouveaux m\u00e9dicaments, d\u00e9velopper des traitements, comprendre les facteurs de risque des maladies, diagnostiquer des affections m\u00e9dicales et am\u00e9liorer la sant\u00e9 humaine de mani\u00e8re g\u00e9n\u00e9rale. Elle contribue \u00e0 l&#8217;avancement de la m\u00e9decine et \u00e0 l&#8217;am\u00e9lioration de la qualit\u00e9 de vie des individus en identifiant des moyens de pr\u00e9venir, diagnostiquer et traiter efficacement les maladies.&nbsp;<\/p>\n\n\n\n<ul class=\"wp-block-list\">\n<li>Radiobiologie \u2013 irradiation par protons\/\u00e9lectrons\/rayons-X pour th\u00e9rapie (<em>e.g. FLASH th\u00e9rapie, proton-th\u00e9rapie, \u00e9tablissement de la Radiobiological Effectiveness, Zebrafish-testing avec protons acc\u00e9l\u00e9r\u00e9s par laser<\/em>)&nbsp;<\/li>\n\n\n\n<li>Modification de l\u2019ADN par particules acc\u00e9l\u00e9r\u00e9es par lasers (notamment protons) <em>&#8211; <\/em>Tomographie par particules\/photons g\u00e9n\u00e9r\u00e9s par lasers&nbsp;<\/li>\n\n\n\n<li>D\u00e9tection de pr\u00e9curseurs de maladies d\u00e9g\u00e9n\u00e9ratives par des diagnostics innovants <em>&#8211; <\/em>Imagerie rapide \u00e0 haut contraste \/ inactivation optique des virus&nbsp;<\/li>\n\n\n\n<li>Imagerie biologique nanom\u00e9trique avec la fen\u00eatre de l\u2019eau&nbsp;<\/li>\n\n\n\n<li>Microscopie de second harmonique avec des applications en neuroscience et cancer<\/li>\n<\/ul>\n\n\n\n<h2 class=\"wp-block-heading\" id=\"scipat\">Sciences des mat\u00e9riaux et Patrimoine culturel<\/h2>\n\n\n\n<p>La science des mat\u00e9riaux est une discipline qui se concentre sur la compr\u00e9hension et la &nbsp;manipulation des mat\u00e9riaux pour r\u00e9pondre aux besoins technologiques, industriels et scientifiques &nbsp;de la soci\u00e9t\u00e9. Elle joue un r\u00f4le crucial dans le d\u00e9veloppement de nouvelles technologies et dans &nbsp;l&#8217;am\u00e9lioration de la qualit\u00e9 de vie. Appliqu\u00e9e au patrimoine culturel la science des mat\u00e9riaux&nbsp;<\/p>\n\n\n\n<p>combine l&#8217;expertise en mat\u00e9riaux avec la pr\u00e9servation et la protection du patrimoine culturel. Elle &nbsp;vise \u00e0 comprendre les relations entre la composition chimique, la structure microscopique et les &nbsp;propri\u00e9t\u00e9s macroscopiques des mat\u00e9riaux, ainsi qu&#8217;\u00e0 d\u00e9velopper de nouveaux mat\u00e9riaux aux &nbsp;propri\u00e9t\u00e9s sp\u00e9cifiques pour des applications vari\u00e9es. Elle englobe une vaste gamme de mat\u00e9riaux, &nbsp;notamment les m\u00e9taux, les polym\u00e8res, les c\u00e9ramiques, les composites, les semi-conducteurs et &nbsp;d&#8217;autres substances. Les scientifiques des mat\u00e9riaux travaillent \u00e0 la caract\u00e9risation des mat\u00e9riaux, &nbsp;\u00e0 la mod\u00e9lisation de leur comportement, \u00e0 la conception de nouveaux mat\u00e9riaux, \u00e0 l&#8217;am\u00e9lioration &nbsp;des propri\u00e9t\u00e9s des mat\u00e9riaux existants, \u00e0 la compr\u00e9hension des processus de fabrication et \u00e0 &nbsp;l&#8217;exploration de leurs applications dans divers domaines, tels que l&#8217;industrie, la m\u00e9decine, &nbsp;l&#8217;\u00e9lectronique, l&#8217;a\u00e9rospatiale, l&#8217;\u00e9nergie et bien d&#8217;autres.&nbsp;<\/p>\n\n\n\n<p>La science des mat\u00e9riaux appliqu\u00e9e au patrimoine culturel est une discipline qui se concentre sur &nbsp;l&#8217;\u00e9tude, la pr\u00e9servation, la restauration et la conservation des mat\u00e9riaux utilis\u00e9s dans les objets &nbsp;d&#8217;art, les monuments historiques, les \u0153uvres d&#8217;art, les artefacts &#8230; Cette discipline vise \u00e0 combiner &nbsp;les connaissances scientifiques des propri\u00e9t\u00e9s des mat\u00e9riaux avec une compr\u00e9hension &nbsp;approfondie de l&#8217;histoire, de la culture et de la signification des objets et des structures anciens.&nbsp;<\/p>\n\n\n\n<p>La science des mat\u00e9riaux dans le contexte du patrimoine culturel comprend l&#8217;analyse des &nbsp;mat\u00e9riaux constitutifs, tels que les pigments, les pierres, les m\u00e9taux, les textiles, les papiers, etc., &nbsp;ainsi que l&#8217;\u00e9tude des processus de d\u00e9gradation, de corrosion et de vieillissement auxquels ces &nbsp;mat\u00e9riaux sont soumis. Les scientifiques des mat\u00e9riaux travaillant dans ce domaine d\u00e9veloppent &nbsp;des m\u00e9thodes de conservation et de restauration, recherchent des techniques de pr\u00e9servation &nbsp;respectueuses de l&#8217;authenticit\u00e9 des objets et contribuent \u00e0 pr\u00e9server et \u00e0 pr\u00e9server notre h\u00e9ritage &nbsp;culturel pour les g\u00e9n\u00e9rations futures.&nbsp;<\/p>\n\n\n\n<ul class=\"wp-block-list\">\n<li>Nouveaux diagnostics utilisant des particules\/photons g\u00e9n\u00e9r\u00e9s par laser pour la d\u00e9tection pr\u00e9cise, rapide et non invasive d\u2019\u00e9l\u00e9ments en temps r\u00e9el, e.g. laser-PIXE (Proton-Induced X-ray Emission), laser-XRF, laser-EDX, Photon\/Proton activation analysis (PAA)&nbsp;<\/li>\n\n\n\n<li>Tests de contraintes des mat\u00e9riaux et de composants \u00e9lectroniques&nbsp;<\/li>\n\n\n\n<li>Dopage de semi-conducteurs par ions g\u00e9n\u00e9r\u00e9s par lasers&nbsp;<\/li>\n\n\n\n<li>Hybrid Laser-assisted sputtering pour un d\u00e9veloppemennt rapide de couches ultraminces<\/li>\n<\/ul>\n","protected":false},"excerpt":{"rendered":"<p>Biom\u00e9dical La biom\u00e9dicine est une discipline scientifique qui se consacre \u00e0 l&#8217;\u00e9tude des processus biologiques et des m\u00e9canismes pathologiques qui sous-tendent les maladies humaines. Elle englobe un large \u00e9ventail de domaines, notamment la biologie cellulaire, la g\u00e9n\u00e9tique, la physiologie, la pharmacologie et la m\u00e9decine clinique, et vise \u00e0 comprendre comment [&hellip;]<\/p>\n","protected":false},"author":1,"featured_media":0,"parent":0,"menu_order":0,"comment_status":"closed","ping_status":"closed","template":"","meta":{"om_disable_all_campaigns":false,"_monsterinsights_skip_tracking":false,"_monsterinsights_sitenote_active":false,"_monsterinsights_sitenote_note":"","_monsterinsights_sitenote_category":0,"footnotes":""},"class_list":["post-95","page","type-page","status-publish","hentry"],"aioseo_notices":[],"_links":{"self":[{"href":"https:\/\/rifali-inrs.net\/index.php\/wp-json\/wp\/v2\/pages\/95","targetHints":{"allow":["GET"]}}],"collection":[{"href":"https:\/\/rifali-inrs.net\/index.php\/wp-json\/wp\/v2\/pages"}],"about":[{"href":"https:\/\/rifali-inrs.net\/index.php\/wp-json\/wp\/v2\/types\/page"}],"author":[{"embeddable":true,"href":"https:\/\/rifali-inrs.net\/index.php\/wp-json\/wp\/v2\/users\/1"}],"replies":[{"embeddable":true,"href":"https:\/\/rifali-inrs.net\/index.php\/wp-json\/wp\/v2\/comments?post=95"}],"version-history":[{"count":14,"href":"https:\/\/rifali-inrs.net\/index.php\/wp-json\/wp\/v2\/pages\/95\/revisions"}],"predecessor-version":[{"id":243,"href":"https:\/\/rifali-inrs.net\/index.php\/wp-json\/wp\/v2\/pages\/95\/revisions\/243"}],"wp:attachment":[{"href":"https:\/\/rifali-inrs.net\/index.php\/wp-json\/wp\/v2\/media?parent=95"}],"curies":[{"name":"wp","href":"https:\/\/api.w.org\/{rel}","templated":true}]}}