{"id":77,"date":"2023-10-08T16:31:37","date_gmt":"2023-10-08T15:31:37","guid":{"rendered":"https:\/\/rifali-inrs.net\/?page_id=77"},"modified":"2025-06-18T23:23:43","modified_gmt":"2025-06-18T22:23:43","slug":"a-propos","status":"publish","type":"page","link":"https:\/\/rifali-inrs.net\/index.php\/a-propos\/","title":{"rendered":"\u00c0 Propos"},"content":{"rendered":"\n<h2 class=\"wp-block-heading\">La gouvernance<\/h2>\n\n\n\n<p>RIFALI est n\u00e9 d\u2019une initiative de deux professeurs de l\u2019INRS qui, en 2021, ont initi\u00e9 le processus pour qu\u2019il devienne un regroupement de recherche reconnu par l\u2019INRS, assumant le r\u00f4le de co-directeurs. Ils sont accompagn\u00e9s de 2 coordinateurs, et de 12 membres r\u00e9guliers appartenant \u00e0 l\u2019INRS.<\/p>\n\n\n\n<h2 class=\"wp-block-heading\">Co-directeurs<\/h2>\n\n\n\n<div class=\"wp-block-columns is-layout-flex wp-container-core-columns-is-layout-1 wp-block-columns-is-layout-flex\">\n<div class=\"wp-block-column is-layout-flow wp-block-column-is-layout-flow\" style=\"flex-basis:100%\">\n<div class=\"wp-block-group is-nowrap is-layout-flex wp-container-core-group-is-layout-3 wp-block-group-is-layout-flex\">\n<div class=\"wp-block-group\"><div class=\"wp-block-group__inner-container is-layout-constrained wp-block-group-is-layout-constrained\">\n<div class=\"wp-block-group\"><div class=\"wp-block-group__inner-container is-layout-constrained wp-block-group-is-layout-constrained\">\n<div class=\"wp-block-media-text has-media-on-the-right is-stacked-on-mobile is-vertically-aligned-center\" style=\"grid-template-columns:auto 34%\"><div class=\"wp-block-media-text__content\">\n<blockquote class=\"wp-block-quote has-text-align-center is-layout-flow wp-block-quote-is-layout-flow\">\n<p class=\"has-text-align-center\"><strong>Kessen Patten<\/strong><\/p>\n\n\n\n<p class=\"has-text-align-center\">G\u00e9n\u00e9tique et maladies &nbsp;neurod\u00e9g\u00e9n\u00e9ratives<\/p>\n<cite>Professeur<\/cite><\/blockquote>\n<\/div><figure class=\"wp-block-media-text__media\"><a href=\"https:\/\/inrs.ca\/la-recherche\/professeurs\/kessen-patten\/\"><img loading=\"lazy\" decoding=\"async\" width=\"698\" height=\"776\" src=\"https:\/\/rifali-inrs.net\/wp-content\/uploads\/2023\/10\/kes.png\" alt=\"\" class=\"wp-image-169 size-full\" srcset=\"https:\/\/rifali-inrs.net\/wp-content\/uploads\/2023\/10\/kes.png 698w, https:\/\/rifali-inrs.net\/wp-content\/uploads\/2023\/10\/kes-270x300.png 270w\" sizes=\"auto, (max-width: 698px) 100vw, 698px\" \/><\/a><\/figure><\/div>\n<\/div><\/div>\n<\/div><\/div>\n\n\n\n<div class=\"wp-block-media-text has-media-on-the-right is-stacked-on-mobile is-vertically-aligned-center\" style=\"grid-template-columns:auto 36%\"><div class=\"wp-block-media-text__content\">\n<blockquote class=\"wp-block-quote has-text-align-center is-layout-flow wp-block-quote-is-layout-flow\">\n<p class=\"has-text-align-center\"><strong>Patrizio Antici<\/strong><\/p>\n\n\n\n<p class=\"has-text-align-center\">Interaction laser-mati\u00e8re et &nbsp;applications<\/p>\n<cite>Professeur<\/cite><\/blockquote>\n<\/div><figure class=\"wp-block-media-text__media\"><a href=\"https:\/\/inrs.ca\/la-recherche\/professeurs\/patrizio-antici\/\"><img loading=\"lazy\" decoding=\"async\" width=\"698\" height=\"776\" src=\"https:\/\/rifali-inrs.net\/wp-content\/uploads\/2023\/10\/pat.png\" alt=\"\" class=\"wp-image-170 size-full\" srcset=\"https:\/\/rifali-inrs.net\/wp-content\/uploads\/2023\/10\/pat.png 698w, https:\/\/rifali-inrs.net\/wp-content\/uploads\/2023\/10\/pat-270x300.png 270w\" sizes=\"auto, (max-width: 698px) 100vw, 698px\" \/><\/a><\/figure><\/div>\n<\/div>\n<\/div>\n<\/div>\n\n\n\n<h2 class=\"wp-block-heading\">La coordination centrale<\/h2>\n\n\n\n<div class=\"wp-block-columns is-layout-flex wp-container-core-columns-is-layout-2 wp-block-columns-is-layout-flex\">\n<div class=\"wp-block-column is-layout-flow wp-block-column-is-layout-flow\">\n<blockquote class=\"wp-block-quote is-layout-flow wp-block-quote-is-layout-flow\">\n<div class=\"wp-block-media-text is-stacked-on-mobile\" style=\"grid-template-columns:23% auto\"><figure class=\"wp-block-media-text__media\"><img loading=\"lazy\" decoding=\"async\" width=\"1024\" height=\"911\" src=\"https:\/\/rifali-inrs.net\/wp-content\/uploads\/2025\/06\/Screenshot-2025-06-18-at-6.17.41\u202fPM-1024x911.png\" alt=\"\" class=\"wp-image-248 size-full\" srcset=\"https:\/\/rifali-inrs.net\/wp-content\/uploads\/2025\/06\/Screenshot-2025-06-18-at-6.17.41\u202fPM-1024x911.png 1024w, https:\/\/rifali-inrs.net\/wp-content\/uploads\/2025\/06\/Screenshot-2025-06-18-at-6.17.41\u202fPM-300x267.png 300w, https:\/\/rifali-inrs.net\/wp-content\/uploads\/2025\/06\/Screenshot-2025-06-18-at-6.17.41\u202fPM-768x683.png 768w, https:\/\/rifali-inrs.net\/wp-content\/uploads\/2025\/06\/Screenshot-2025-06-18-at-6.17.41\u202fPM-1536x1366.png 1536w, https:\/\/rifali-inrs.net\/wp-content\/uploads\/2025\/06\/Screenshot-2025-06-18-at-6.17.41\u202fPM.png 1810w\" sizes=\"auto, (max-width: 1024px) 100vw, 1024px\" \/><\/figure><div class=\"wp-block-media-text__content\">\n<p><strong>Rozhin Agoush<\/strong><\/p>\n\n\n\n<p>Coordonnatrice RIFALI<strong> <\/strong><\/p>\n<\/div><\/div>\n<\/blockquote>\n<\/div>\n<\/div>\n\n\n\n<h2 class=\"wp-block-heading\">Les infrastructures<\/h2>\n\n\n\n<p>Bas\u00e9 \u00e0 l\u2019INRS, ce regroupement interdisciplinaire rassemble 22 chercheurs-cl\u00e9s travaillant dans&nbsp; toutes les sph\u00e8res du domaine utilisant des lasers du Qu\u00e9bec, du Canada et d\u2019ailleurs, ainsi que&nbsp; leur personnel de recherch\u00e9 hautement qualifi\u00e9 (PHQ). Bas\u00e9 \u00e0 l\u2019INRS, ce regroupement&nbsp; interdisciplinaire compte pr\u00e9sentement 10 chercheur.e.s (membres r\u00e9guliers) de l\u2019INRS&nbsp; sp\u00e9cialis\u00e9.e.s dans des domaines d\u2019activit\u00e9s compl\u00e9mentaires et provenant de deux de ses&nbsp;centres, soit le Centre Energie et Mat\u00e9riaux (EMT) et le Centre Armand Frappier Sant\u00e9&nbsp; Biotechnologies (AFSB). Ce regroupement compte&nbsp; \u00e9galement 12 membres collaborateurs hors-INRS. Parmi ceux-ci, on compte 3 membres&nbsp; provenant d\u2019autres institutions qu\u00e9b\u00e9coises, 7 membres universitaires provenant de l\u2019Ontario, de&nbsp; l\u2019Alberta et de la Colombie-Britannique, ainsi que 2 membres internationaux.&nbsp;<\/p>\n\n\n\n<div class=\"wp-block-cover alignwide is-light has-custom-content-position is-position-bottom-center\" style=\"min-height:430px;aspect-ratio:unset;\"><span aria-hidden=\"true\" class=\"wp-block-cover__background has-background-dim\"><\/span><img loading=\"lazy\" decoding=\"async\" width=\"800\" height=\"540\" class=\"wp-block-cover__image-background wp-image-184\" alt=\"\" src=\"http:\/\/rifali-inrs.net\/wp-content\/uploads\/2023\/10\/centre-energie-matreriaux-telecommunications-inrs-josee-lecompte-800x540-1.jpg\" style=\"object-position:52% 44%\" data-object-fit=\"cover\" data-object-position=\"52% 44%\" srcset=\"https:\/\/rifali-inrs.net\/wp-content\/uploads\/2023\/10\/centre-energie-matreriaux-telecommunications-inrs-josee-lecompte-800x540-1.jpg 800w, https:\/\/rifali-inrs.net\/wp-content\/uploads\/2023\/10\/centre-energie-matreriaux-telecommunications-inrs-josee-lecompte-800x540-1-300x203.jpg 300w, https:\/\/rifali-inrs.net\/wp-content\/uploads\/2023\/10\/centre-energie-matreriaux-telecommunications-inrs-josee-lecompte-800x540-1-768x518.jpg 768w\" sizes=\"auto, (max-width: 800px) 100vw, 800px\" \/><div class=\"wp-block-cover__inner-container is-layout-constrained wp-block-cover-is-layout-constrained\">\n<p class=\"has-text-align-center has-large-font-size\"><strong><mark style=\"background-color:rgba(0, 0, 0, 0)\" class=\"has-inline-color has-white-color\">Centre \u00c9nergie Mat\u00e9riaux T\u00e9l\u00e9communications<\/mark><\/strong><\/p>\n<\/div><\/div>\n\n\n\n<div class=\"wp-block-cover alignwide is-light has-custom-content-position is-position-bottom-center\"><span aria-hidden=\"true\" class=\"wp-block-cover__background has-background-dim\"><\/span><img loading=\"lazy\" decoding=\"async\" width=\"800\" height=\"540\" class=\"wp-block-cover__image-background wp-image-182\" alt=\"\" src=\"http:\/\/rifali-inrs.net\/wp-content\/uploads\/2023\/10\/inrs_iaf_003-800x540-1.jpg\" data-object-fit=\"cover\" srcset=\"https:\/\/rifali-inrs.net\/wp-content\/uploads\/2023\/10\/inrs_iaf_003-800x540-1.jpg 800w, https:\/\/rifali-inrs.net\/wp-content\/uploads\/2023\/10\/inrs_iaf_003-800x540-1-300x203.jpg 300w, https:\/\/rifali-inrs.net\/wp-content\/uploads\/2023\/10\/inrs_iaf_003-800x540-1-768x518.jpg 768w\" sizes=\"auto, (max-width: 800px) 100vw, 800px\" \/><div class=\"wp-block-cover__inner-container is-layout-constrained wp-block-cover-is-layout-constrained\">\n<p class=\"has-text-align-center has-large-font-size\"><strong><mark style=\"background-color:rgba(0, 0, 0, 0)\" class=\"has-inline-color has-white-color\">Centre Armand-Frappier Sant\u00e9 Biotechnologie<\/mark><\/strong><\/p>\n<\/div><\/div>\n\n\n\n<hr class=\"wp-block-separator has-alpha-channel-opacity\"\/>\n\n\n\n<p>Le regroupement b\u00e9n\u00e9ficie de l\u2019Advanced Laser Light Source (ALLS), la plus grande installation laser au Canada, dot\u00e9e de lasers ultra-puissants (jusqu\u2019\u00e0 750 TW) et faisant partie du r\u00e9seau LaserNetUS. Reconnue pour son excellence en physique des lasers de puissance, ALLS favorise les collaborations, spin-offs et innovations technologiques.<\/p>\n\n\n\n<h2 class=\"wp-block-heading\">Les membres r\u00e9guliers<\/h2>\n\n\n\n<ul class=\"wp-block-list\">\n<li>Patrizio Antici (EMT)<\/li>\n\n\n\n<li>Kessen Patten (AFSB)<\/li>\n\n\n\n<li>Jinyang Liang (EMT)<\/li>\n\n\n\n<li>Tsuneyuki Ozaki (EMT)<\/li>\n\n\n\n<li>Fran\u00e7ois L\u00e9gar\u00e9 (EMT)<\/li>\n\n\n\n<li>Marc-Andr\u00e9 Gauthier (EMT)<\/li>\n\n\n\n<li>Charles Ramassamy (AFSB)<\/li>\n\n\n\n<li>Jonathan Perreault (AFSB)<\/li>\n\n\n\n<li>Laurent Chatel-Chaix (AFSB)<\/li>\n\n\n\n<li>Cathy Vaillancourt (AFSB)<\/li>\n\n\n\n<li>Isabelle Plante (AFSB)<\/li>\n\n\n\n<li>Maya Saleh (AFSB)<\/li>\n\n\n\n<li>Salim Islam (AFSB)<\/li>\n\n\n\n<li>Emile Carbone (EMT)<\/li>\n<\/ul>\n\n\n\n<p><\/p>\n","protected":false},"excerpt":{"rendered":"<p>La gouvernance RIFALI est n\u00e9 d\u2019une initiative de deux professeurs de l\u2019INRS qui, en 2021, ont initi\u00e9 le processus pour qu\u2019il devienne un regroupement de recherche reconnu par l\u2019INRS, assumant le r\u00f4le de co-directeurs. Ils sont accompagn\u00e9s de 2 coordinateurs, et de 12 membres r\u00e9guliers appartenant \u00e0 l\u2019INRS. Co-directeurs Kessen [&hellip;]<\/p>\n","protected":false},"author":1,"featured_media":0,"parent":0,"menu_order":0,"comment_status":"closed","ping_status":"closed","template":"page-templates\/template-page-sidebar.php","meta":{"om_disable_all_campaigns":false,"_monsterinsights_skip_tracking":false,"_monsterinsights_sitenote_active":false,"_monsterinsights_sitenote_note":"","_monsterinsights_sitenote_category":0,"footnotes":""},"class_list":["post-77","page","type-page","status-publish","hentry"],"aioseo_notices":[],"_links":{"self":[{"href":"https:\/\/rifali-inrs.net\/index.php\/wp-json\/wp\/v2\/pages\/77","targetHints":{"allow":["GET"]}}],"collection":[{"href":"https:\/\/rifali-inrs.net\/index.php\/wp-json\/wp\/v2\/pages"}],"about":[{"href":"https:\/\/rifali-inrs.net\/index.php\/wp-json\/wp\/v2\/types\/page"}],"author":[{"embeddable":true,"href":"https:\/\/rifali-inrs.net\/index.php\/wp-json\/wp\/v2\/users\/1"}],"replies":[{"embeddable":true,"href":"https:\/\/rifali-inrs.net\/index.php\/wp-json\/wp\/v2\/comments?post=77"}],"version-history":[{"count":33,"href":"https:\/\/rifali-inrs.net\/index.php\/wp-json\/wp\/v2\/pages\/77\/revisions"}],"predecessor-version":[{"id":251,"href":"https:\/\/rifali-inrs.net\/index.php\/wp-json\/wp\/v2\/pages\/77\/revisions\/251"}],"wp:attachment":[{"href":"https:\/\/rifali-inrs.net\/index.php\/wp-json\/wp\/v2\/media?parent=77"}],"curies":[{"name":"wp","href":"https:\/\/api.w.org\/{rel}","templated":true}]}}