{"id":218,"date":"2024-12-05T03:08:18","date_gmt":"2024-12-05T03:08:18","guid":{"rendered":"https:\/\/rifali-inrs.net\/?page_id=218"},"modified":"2024-12-05T03:08:19","modified_gmt":"2024-12-05T03:08:19","slug":"financement","status":"publish","type":"page","link":"https:\/\/rifali-inrs.net\/index.php\/financement\/","title":{"rendered":"Financement"},"content":{"rendered":"\n<p>Les fonds du programme RIFALI sont destin\u00e9s exclusivement aux \u00e9tudiant(e)s inscrit(e)s \u00e0 la ma\u00eetrise et au doctorat. Bien que les \u00e9tudiant(e)s de premier cycle et les stagiaires postdoctoraux soient encourag\u00e9(e)s \u00e0 participer \u00e0 nos activit\u00e9s de formation, ils ne sont pas \u00e9ligibles au financement.<\/p>\n\n\n\n<p>Le programme offre un soutien financier maximal de <strong>6 000 $ par ann\u00e9e<\/strong>, pour une dur\u00e9e maximale de <strong>2 ans<\/strong>, tant pour la ma\u00eetrise que pour le doctorat.<\/p>\n\n\n\n<p>Il est important de noter que le financement RIFALI est con\u00e7u comme un compl\u00e9ment \u00e0 d\u2019autres sources de financement. Il ne peut \u00e0 lui seul couvrir l\u2019ensemble des co\u00fbts li\u00e9s \u00e0 l\u2019obtention d\u2019un dipl\u00f4me.<\/p>\n\n\n\n<div class=\"wp-block-media-text has-media-on-the-right is-stacked-on-mobile\" style=\"grid-template-columns:auto 53%\"><div class=\"wp-block-media-text__content\">\n<p><strong><mark style=\"background-color:rgba(0, 0, 0, 0)\" class=\"has-inline-color has-black-color\">Pour postuler <\/mark><\/strong><\/p>\n\n\n\n<p>Les \u00e9tudiant(e)s int\u00e9ress\u00e9(e)s par le programme sont invit\u00e9s \u00e0 communiquer avec nous par courriel \u00e0 <strong><a>rifali@inrs.ca<\/a><\/strong> ou \u00e0 contacter la coordonnatrice des regroupements de recherche \u00e9mergents, <strong>Rozhin Agoush<\/strong>, \u00e0 <strong><a>Rozhin.agoush@inrs.ca<\/a><\/strong>. Nous serons ravis de r\u00e9pondre \u00e0 vos questions!<\/p>\n<\/div><figure class=\"wp-block-media-text__media\"><img loading=\"lazy\" decoding=\"async\" width=\"1024\" height=\"768\" src=\"http:\/\/rifali-inrs.net\/wp-content\/uploads\/2024\/12\/rif-1024x768.jpg\" alt=\"\" class=\"wp-image-223 size-full\" srcset=\"https:\/\/rifali-inrs.net\/wp-content\/uploads\/2024\/12\/rif-1024x768.jpg 1024w, https:\/\/rifali-inrs.net\/wp-content\/uploads\/2024\/12\/rif-300x225.jpg 300w, https:\/\/rifali-inrs.net\/wp-content\/uploads\/2024\/12\/rif-768x576.jpg 768w, https:\/\/rifali-inrs.net\/wp-content\/uploads\/2024\/12\/rif-1536x1152.jpg 1536w, https:\/\/rifali-inrs.net\/wp-content\/uploads\/2024\/12\/rif.jpg 1920w\" sizes=\"auto, (max-width: 1024px) 100vw, 1024px\" \/><\/figure><\/div>\n\n\n\n<p><\/p>\n","protected":false},"excerpt":{"rendered":"<p>Les fonds du programme RIFALI sont destin\u00e9s exclusivement aux \u00e9tudiant(e)s inscrit(e)s \u00e0 la ma\u00eetrise et au doctorat. Bien que les \u00e9tudiant(e)s de premier cycle et les stagiaires postdoctoraux soient encourag\u00e9(e)s \u00e0 participer \u00e0 nos activit\u00e9s de formation, ils ne sont pas \u00e9ligibles au financement. Le programme offre un soutien financier [&hellip;]<\/p>\n","protected":false},"author":1,"featured_media":0,"parent":0,"menu_order":0,"comment_status":"closed","ping_status":"closed","template":"","meta":{"om_disable_all_campaigns":false,"_monsterinsights_skip_tracking":false,"_monsterinsights_sitenote_active":false,"_monsterinsights_sitenote_note":"","_monsterinsights_sitenote_category":0,"footnotes":""},"class_list":["post-218","page","type-page","status-publish","hentry"],"aioseo_notices":[],"_links":{"self":[{"href":"https:\/\/rifali-inrs.net\/index.php\/wp-json\/wp\/v2\/pages\/218","targetHints":{"allow":["GET"]}}],"collection":[{"href":"https:\/\/rifali-inrs.net\/index.php\/wp-json\/wp\/v2\/pages"}],"about":[{"href":"https:\/\/rifali-inrs.net\/index.php\/wp-json\/wp\/v2\/types\/page"}],"author":[{"embeddable":true,"href":"https:\/\/rifali-inrs.net\/index.php\/wp-json\/wp\/v2\/users\/1"}],"replies":[{"embeddable":true,"href":"https:\/\/rifali-inrs.net\/index.php\/wp-json\/wp\/v2\/comments?post=218"}],"version-history":[{"count":3,"href":"https:\/\/rifali-inrs.net\/index.php\/wp-json\/wp\/v2\/pages\/218\/revisions"}],"predecessor-version":[{"id":224,"href":"https:\/\/rifali-inrs.net\/index.php\/wp-json\/wp\/v2\/pages\/218\/revisions\/224"}],"wp:attachment":[{"href":"https:\/\/rifali-inrs.net\/index.php\/wp-json\/wp\/v2\/media?parent=218"}],"curies":[{"name":"wp","href":"https:\/\/api.w.org\/{rel}","templated":true}]}}